{"id":2459,"date":"2017-08-18T16:00:28","date_gmt":"2017-08-18T14:00:28","guid":{"rendered":"http:\/\/a-parte.fr\/cart\/"},"modified":"2023-12-19T10:29:22","modified_gmt":"2023-12-19T10:29:22","slug":"panier","status":"publish","type":"page","link":"https:\/\/a-parte.fr\/en\/panier\/","title":{"rendered":"Panier"},"content":{"rendered":"<h4 style=\"text-align: center;\"><strong><span style=\"color: #ffaf15;\">Toutes les commandes pass\u00e9es avant le 21 d\u00e9cembre 12h seront envoy\u00e9es au plus tard le 21 d\u00e9cembre.<br \/>\nL&#8217;envoi des commandes sera suspendu entre le 22 d\u00e9cembre et le 7 janvier.<br \/>\nMerci de votre soutien.<br \/>\n<\/span><\/strong><\/h4>\n\n","protected":false},"excerpt":{"rendered":"<p>Toutes les commandes pass\u00e9es avant le 21 d\u00e9cembre 12h seront envoy\u00e9es au plus tard le 21 d\u00e9cembre. L&#8217;envoi des commandes sera suspendu entre le 22 d\u00e9cembre et le 7 janvier. Merci de votre soutien.<\/p>\n","protected":false},"author":1,"featured_media":0,"parent":0,"menu_order":0,"comment_status":"closed","ping_status":"closed","template":"","meta":{"footnotes":""},"class_list":["post-2459","page","type-page","status-publish","hentry"],"_links":{"self":[{"href":"https:\/\/a-parte.fr\/en\/wp-json\/wp\/v2\/pages\/2459","targetHints":{"allow":["GET"]}}],"collection":[{"href":"https:\/\/a-parte.fr\/en\/wp-json\/wp\/v2\/pages"}],"about":[{"href":"https:\/\/a-parte.fr\/en\/wp-json\/wp\/v2\/types\/page"}],"author":[{"embeddable":true,"href":"https:\/\/a-parte.fr\/en\/wp-json\/wp\/v2\/users\/1"}],"replies":[{"embeddable":true,"href":"https:\/\/a-parte.fr\/en\/wp-json\/wp\/v2\/comments?post=2459"}],"version-history":[{"count":4,"href":"https:\/\/a-parte.fr\/en\/wp-json\/wp\/v2\/pages\/2459\/revisions"}],"predecessor-version":[{"id":8875,"href":"https:\/\/a-parte.fr\/en\/wp-json\/wp\/v2\/pages\/2459\/revisions\/8875"}],"wp:attachment":[{"href":"https:\/\/a-parte.fr\/en\/wp-json\/wp\/v2\/media?parent=2459"}],"curies":[{"name":"wp","href":"https:\/\/api.w.org\/{rel}","templated":true}]}}