{"id":3676,"date":"2018-07-12T15:11:26","date_gmt":"2018-07-12T15:11:26","guid":{"rendered":"http:\/\/a-parte.fr\/?page_id=3676"},"modified":"2025-01-17T08:56:42","modified_gmt":"2025-01-17T08:56:42","slug":"2-3","status":"publish","type":"page","link":"https:\/\/a-parte.fr\/en\/2-3\/","title":{"rendered":"Past concerts &#8211; Exp\u00e9ka"},"content":{"rendered":"<section class=\"wpb-content-wrapper\"><p>[vc_row css_animation=&#8221;fadeIn&#8221; iron_row_type=&#8221;full_width&#8221; iron_remove_padding_medium=&#8221;tabletnopadding&#8221; iron_remove_padding_small=&#8221;&#8221; iron_overlay_pattern=&#8221;&#8221; iron_parallax=&#8221;&#8221; iron_bg_video=&#8221;&#8221; css=&#8221;.vc_custom_1492031133260{margin-top: 50px !important;margin-bottom: 100px !important;}&#8221;][vc_column][vc_custom_heading text=&#8221;Past concerts &#8211; Exp\u00e9ka&#8221; font_container=&#8221;tag:h1|text_align:center&#8221; use_theme_fonts=&#8221;yes&#8221; fit_bg_text=&#8221;0&#8243; css=&#8221;.vc_custom_1531408254634{margin-bottom: -20px !important;}&#8221;]\t<div class=\"dividerwrap\" style=\"padding-top:25px; padding-bottom:px;\">\r\n\t\t<div class=\"defaultdivider center\" style=\"background-color:#ffffff\"><\/div>\r\n\t\t<div class=\"clear\"><\/div>\r\n\t<\/div>[\/vc_column][\/vc_row][vc_row equal_height=&#8221;yes&#8221; content_placement=&#8221;middle&#8221; iron_row_type=&#8221;full_width&#8221; iron_remove_padding_medium=&#8221;tabletnopadding&#8221; iron_remove_padding_small=&#8221;&#8221; iron_overlay_pattern=&#8221;&#8221; iron_parallax=&#8221;&#8221; iron_bg_video=&#8221;&#8221; css=&#8221;.vc_custom_1531321086837{margin-top: 100px !important;margin-bottom: 100px !important;padding-right: 20% !important;padding-left: 20% !important;}&#8221;][vc_column offset=&#8221;vc_col-lg-offset-0 vc_col-md-offset-0 vc_col-sm-offset-0&#8243;][vc_row_inner][vc_column_inner][\/vc_column_inner][\/vc_row_inner][vc_custom_heading text=&#8221;Tour 2024&#8243; font_container=&#8221;tag:h3|font_size:30px|text_align:left|color:%23ffaf15|line_height:38px&#8221; google_fonts=&#8221;font_family:Playfair%20Display%3Aregular%2C500%2C600%2C700%2C800%2C900%2Citalic%2C500italic%2C600italic%2C700italic%2C800italic%2C900italic|font_style:400%20regular%3A400%3Anormal&#8221; fit_bg_text=&#8221;0&#8243;][vc_column_text]03\/05\/2024 Bobigny (93) Canal 93<br \/>\n04\/05\/2024 Marseille (13) Friche la Belle de Mai\u00a0 (Invitation du Festival Hip-Hop Society au festival Kadans Cara\u00efbe)<br \/>\n10\/10\/2024 Paris (75) Th\u00e9\u00e2tre du Ch\u00e2telet Urban Festival[\/vc_column_text][vc_custom_heading text=&#8221;Tour 2021-2022&#8243; font_container=&#8221;tag:h3|font_size:30px|text_align:left|color:%23ffaf15|line_height:38px&#8221; google_fonts=&#8221;font_family:Playfair%20Display%3Aregular%2C500%2C600%2C700%2C800%2C900%2Citalic%2C500italic%2C600italic%2C700italic%2C800italic%2C900italic|font_style:400%20regular%3A400%3Anormal&#8221; fit_bg_text=&#8221;0&#8243;][vc_column_text]01\/10\/2021 LE MANS (72) Chorus (trio)<br \/>\n03\/07\/2021 AUBERVILLIERS (93) Festival Banlieues Bleues (trio)<\/p>\n<p>22\/01\/2022 CHAMPIGNY SUR MARNE (94) Biblioth\u00e8que Jean-Jacques Rousseau (trio)<br \/>\n09\/04\/2022 MONTREUIL (93) Marbrerie dans le cadre du festival Banlieues bleues[\/vc_column_text][vc_custom_heading text=&#8221;Tour 2018-2019&#8243; font_container=&#8221;tag:h3|font_size:30px|text_align:left|color:%23ffaf15|line_height:38px&#8221; google_fonts=&#8221;font_family:Playfair%20Display%3Aregular%2Citalic%2C700%2C700italic%2C900%2C900italic|font_style:400%20regular%3A400%3Anormal&#8221; fit_bg_text=&#8221;0&#8243;][vc_column_text]19\/07\/2018 NANTES (44) Festival Aux Heures d&#8217;Ete<br \/>\n05\/10\/2018 DIJON (21) Zutique Festival<br \/>\n11\/11\/2018 MARSEILLE (13) La Meson<br \/>\n06\/12\/2018 ALBI (81) Campus Universit\u00e9<\/p>\n<p>17\/03\/2019 GRENOBLE (38) D\u00e9tours de Babel (trio)<br \/>\n03\/04\/2019 PANTIN (93) Banlieue Bleues (trio)<br \/>\n18\/05\/2019 MARSEILLE (13) Kadans Cara\u00efbe (trio)<br \/>\n20\/07\/2019 NANTES (44) Kr\u00e9yol Djaz (trio)<br \/>\n11\/10\/2019 BRIANCON (05) Th\u00e9\u00e2tre du Brian\u00e7onnais<br \/>\n04\/12\/2019 RIVIERE SALEE (972) Martinique Jazz Festival (trio)<br \/>\n11\/12\/2019 FORT DE FRANCE (972) Arobase<br \/>\n13\/12\/2019 SALLE ROBERT LOYSON (971) Le Moule<br \/>\n[\/vc_column_text][vc_custom_heading text=&#8221;Tour 2014-2017&#8243; font_container=&#8221;tag:h3|font_size:30px|text_align:left|color:%23ffaf15|line_height:38px&#8221; google_fonts=&#8221;font_family:Playfair%20Display%3Aregular%2Citalic%2C700%2C700italic%2C900%2C900italic|font_style:400%20regular%3A400%3Anormal&#8221; fit_bg_text=&#8221;0&#8243;][vc_column_text]23\/11\/2017 SAINT DENIS (93) \u2013 Th\u00e9\u00e2tre G\u00e9rard Philipe (en trio) \u2013 Festival Africolor<br \/>\n28\/11\/2017 BOBIGNY (93) \u2013 Universit\u00e9 Paris 13 (en trio) \u2013 Festival Africolor<br \/>\n26\/05\/2015 PARIS (75) \u2013 Maison de la Po\u00e9sie \u2013 Festival La Voix est Libre (en trio)<br \/>\n13\/12\/2014 AULNAY SOUS BOIS (93) \u2013 Le Cap (en sextet avec Olivier Juste ka, percussions \u2022 St\u00e9phane Castry basse \u2022 Didier Davidas claviers) \u2013 Festival Africolor<br \/>\n31 octobre au 04 d\u00e9cembre 2014 : 5 concerts en appartement \u00e0 Villepinte (en duo) \u2013 Festival Africolor[\/vc_column_text][\/vc_column][\/vc_row]<\/p>\n<\/section>","protected":false},"excerpt":{"rendered":"<p>[vc_row css_animation=&#8221;fadeIn&#8221; iron_row_type=&#8221;full_width&#8221; iron_remove_padding_medium=&#8221;tabletnopadding&#8221; iron_remove_padding_small=&#8221;&#8221; iron_overlay_pattern=&#8221;&#8221; iron_parallax=&#8221;&#8221; iron_bg_video=&#8221;&#8221; css=&#8221;.vc_custom_1492031133260{margin-top: 50px !important;margin-bottom: 100px !important;}&#8221;][vc_column][vc_custom_heading text=&#8221;Past concerts &#8211; Exp\u00e9ka&#8221; font_container=&#8221;tag:h1|text_align:center&#8221; use_theme_fonts=&#8221;yes&#8221; fit_bg_text=&#8221;0&#8243; css=&#8221;.vc_custom_1531408254634{margin-bottom: -20px !important;}&#8221;][\/vc_column][\/vc_row][vc_row equal_height=&#8221;yes&#8221; content_placement=&#8221;middle&#8221; iron_row_type=&#8221;full_width&#8221; iron_remove_padding_medium=&#8221;tabletnopadding&#8221; iron_remove_padding_small=&#8221;&#8221; iron_overlay_pattern=&#8221;&#8221; iron_parallax=&#8221;&#8221; iron_bg_video=&#8221;&#8221; css=&#8221;.vc_custom_1531321086837{margin-top: 100px !important;margin-bottom: 100px !important;padding-right: 20% !important;padding-left: 20% !important;}&#8221;][vc_column offset=&#8221;vc_col-lg-offset-0 vc_col-md-offset-0 vc_col-sm-offset-0&#8243;][vc_row_inner][vc_column_inner][\/vc_column_inner][\/vc_row_inner][vc_custom_heading text=&#8221;Tour 2024&#8243; font_container=&#8221;tag:h3|font_size:30px|text_align:left|color:%23ffaf15|line_height:38px&#8221; google_fonts=&#8221;font_family:Playfair%20Display%3Aregular%2C500%2C600%2C700%2C800%2C900%2Citalic%2C500italic%2C600italic%2C700italic%2C800italic%2C900italic|font_style:400%20regular%3A400%3Anormal&#8221; fit_bg_text=&#8221;0&#8243;][vc_column_text]03\/05\/2024 Bobigny (93) Canal 93 04\/05\/2024 Marseille (13) Friche la Belle de Mai\u00a0 (Invitation du Festival Hip-Hop Society au festival Kadans Cara\u00efbe) 10\/10\/2024 Paris (75) Th\u00e9\u00e2tre du Ch\u00e2telet Urban Festival[\/vc_column_text][vc_custom_heading text=&#8221;Tour 2021-2022&#8243; font_container=&#8221;tag:h3|font_size:30px|text_align:left|color:%23ffaf15|line_height:38px&#8221; [&hellip;]<\/p>\n","protected":false},"author":2,"featured_media":0,"parent":0,"menu_order":0,"comment_status":"closed","ping_status":"closed","template":"","meta":{"footnotes":""},"class_list":["post-3676","page","type-page","status-publish","hentry"],"_links":{"self":[{"href":"https:\/\/a-parte.fr\/en\/wp-json\/wp\/v2\/pages\/3676","targetHints":{"allow":["GET"]}}],"collection":[{"href":"https:\/\/a-parte.fr\/en\/wp-json\/wp\/v2\/pages"}],"about":[{"href":"https:\/\/a-parte.fr\/en\/wp-json\/wp\/v2\/types\/page"}],"author":[{"embeddable":true,"href":"https:\/\/a-parte.fr\/en\/wp-json\/wp\/v2\/users\/2"}],"replies":[{"embeddable":true,"href":"https:\/\/a-parte.fr\/en\/wp-json\/wp\/v2\/comments?post=3676"}],"version-history":[{"count":13,"href":"https:\/\/a-parte.fr\/en\/wp-json\/wp\/v2\/pages\/3676\/revisions"}],"predecessor-version":[{"id":8207,"href":"https:\/\/a-parte.fr\/en\/wp-json\/wp\/v2\/pages\/3676\/revisions\/8207"}],"wp:attachment":[{"href":"https:\/\/a-parte.fr\/en\/wp-json\/wp\/v2\/media?parent=3676"}],"curies":[{"name":"wp","href":"https:\/\/api.w.org\/{rel}","templated":true}]}}